{"id":692,"date":"2016-03-10T14:36:36","date_gmt":"2016-03-10T14:36:36","guid":{"rendered":"http:\/\/houzez05.favethemes.com\/?page_id=692"},"modified":"2025-10-21T14:50:25","modified_gmt":"2025-10-21T12:50:25","slug":"warum-wir","status":"publish","type":"page","link":"https:\/\/sonnberger.co.at\/wp\/warum-wir\/","title":{"rendered":"Wir f\u00fcr Sie: unsere Leistung"},"content":{"rendered":"<p>[vc_row][vc_column][vc_empty_space height=&#8221;50&#8243;][\/vc_column][\/vc_row][vc_row][vc_column width=&#8221;1\/2&#8243;][vc_column_text]<\/p>\n<h1>Unsere Leistungen &#8211; Wir f\u00fcr Sie<\/h1>\n<h2>Immobilien im Fokus<\/h2>\n<p>[\/vc_column_text][vc_column_text]<\/p>\n<h3>Sie m\u00f6chten Ihre Immobilie verkaufen?<br \/>\nRasch. Sicher. Und zum besten Preis.<\/h3>\n<p>Wir sind Ihr kompetenter Partner beim Immobilienverkauf und Baulandentwicklung. Regionale Expertise,&nbsp;umfassende Fachkenntnisse und ein weitreichendes Netzwerk sind unsere Schl\u00fcssel f\u00fcr Ihren Erfolg.[\/vc_column_text][\/vc_column][vc_column width=&#8221;1\/2&#8243;][vc_video link=&#8221;https:\/\/youtu.be\/LU0o5r0T668&#8243; align=&#8221;center&#8221;][\/vc_column][\/vc_row][vc_row][vc_column][vc_separator][\/vc_column][\/vc_row][vc_row gap=&#8221;35&#8243; equal_height=&#8221;yes&#8221;][vc_column width=&#8221;1\/2&#8243; css=&#8221;.vc_custom_1729147082461{background-color: #efefef !important;}&#8221;][vc_icon type=&#8221;openiconic&#8221; icon_openiconic=&#8221;vc-oi vc-oi-location&#8221; color=&#8221;green&#8221; size=&#8221;xl&#8221;][vc_column_text]<\/p>\n<h3>Sie stehen im Mittelpunkt<\/h3>\n<p>Ihre Situation ist uns wichtig[\/vc_column_text][vc_column_text]Pers\u00f6nlich, kompetent und individuell gehen wir auf Ihre Situation ein. Denn jede Immobilie ist so individuell wie Ihre Eigent\u00fcmer. Unsere gesamte Erfahrung teilen wir mit Ihnen und sprechen die Vorgehensweise mit Ihnen ab. Es geht um Sie und Ihre Immobilie.[\/vc_column_text][\/vc_column][vc_column width=&#8221;1\/2&#8243; css=&#8221;.vc_custom_1729147092987{background-color: #efefef !important;}&#8221;][vc_icon type=&#8221;linecons&#8221; icon_linecons=&#8221;vc_li vc_li-lock&#8221; color=&#8221;green&#8221; size=&#8221;xl&#8221;][vc_column_text]<\/p>\n<h3>Kein Risiko<\/h3>\n<p>Wir gehen f\u00fcr Sie in Vorleistung![\/vc_column_text][vc_separator][vc_column_text]Nur bei einem abgeschlossenen und erfolgreichen Verkauf k\u00f6nnen wir auch unsere Leistungen abrechnen. Dies erfolgt transparent und erfolgsorientiert. Sie haben die Abschlussfreiheit und entscheiden letztendlich \u00fcber den Verkaufserfolg. Die Dauer und den Umfang unserer Zusammenarbeit vereinbaren wir im Vorfeld gemeinsam und halten dies vertraglich fest (Maklerauftrag).[\/vc_column_text][\/vc_column][\/vc_row][vc_row gap=&#8221;35&#8243; equal_height=&#8221;yes&#8221;][vc_column width=&#8221;1\/2&#8243; css=&#8221;.vc_custom_1729147082461{background-color: #efefef !important;}&#8221;][vc_icon type=&#8221;openiconic&#8221; icon_openiconic=&#8221;vc-oi vc-oi-target&#8221; color=&#8221;green&#8221; size=&#8221;xl&#8221;][vc_column_text]<\/p>\n<h3>Treffsichere Wertermittlung<\/h3>\n<p>Die Basis f\u00fcr jeden erfolgreichen Immobilienverkauf![\/vc_column_text][vc_column_text]<span style=\"color: #000000;\">Durch unsere jahrelange Erfahrung, neuesten Daten des Immobilienmarktes und viel Gesp\u00fcr und Feinsinn bewerten wir Ihre Immobilie treffsicher und genau. Dabei geht es vor allem um die weichen Faktoren,<\/span><span style=\"color: #000000;\"> die den Marktpreis ausmachen. Denn niemand kauft vier W\u00e4nde mit einem Dach drauf. Eine erste Einsch\u00e4tzung des Immobilienwertes Ihrer Liegenschaft erhalten Sie durch unseren online <a style=\"color: #000000;\" href=\"https:\/\/sonnberger.co.at\/wp\/wertermittlung\/\">Immobilienwertrechner<\/a>.<\/span>[\/vc_column_text][\/vc_column][vc_column width=&#8221;1\/2&#8243; css=&#8221;.vc_custom_1729147092987{background-color: #efefef !important;}&#8221;][vc_icon icon_fontawesome=&#8221;fa fa-info&#8221; color=&#8221;green&#8221; size=&#8221;xl&#8221;][vc_column_text]<\/p>\n<h3>Regionale Expertise<\/h3>\n<p>Erfahrung durch jahrelange T\u00e4tigkeit[\/vc_column_text][vc_column_text]Sie profitieren von unseren genauen Kenntnissen des lokalen Marktes. Dabei liegen der ober\u00f6sterreichische Zentralraum sowie das angrenzende M\u00fchlviertel und das nieder\u00f6sterreichische Mostviertel im Fokus. Diesen Markt kennen wir genau und bieten umfassende L\u00f6sungen f\u00fcr Wohnimmobilien, Baulandentwicklung und Projektvermarktung. Und f\u00fcr ganz besondere F\u00e4lle bieten wir auch unseren Ankaufsservice an.[\/vc_column_text][\/vc_column][\/vc_row][vc_row gap=&#8221;35&#8243; equal_height=&#8221;yes&#8221;][vc_column width=&#8221;1\/2&#8243; css=&#8221;.vc_custom_1729147417643{background-color: #efefef !important;}&#8221;][vc_icon icon_fontawesome=&#8221;fa fa-link&#8221; color=&#8221;green&#8221; size=&#8221;xl&#8221;][vc_column_text]<\/p>\n<h3>Bew\u00e4hrtes Netzwerk<\/h3>\n<p>Finanzierung, Rechtsberatung, Planung und Handwerk[\/vc_column_text][vc_column_text]Profitieren Sie von unserem weitreichenden und bestens etablierten Netzwerk. Von unabh\u00e4ngigen Finanzierungsberater, \u00fcber Energie-, Steuer und Rechtsberatung bis hin zu Notaren, Rechtsanwaltskanzleien, Architekten und Handwerkern. Wir bieten Ihnen ein breites Spektrum an L\u00f6sungskompetenz f\u00fcr viele Bereiche des Lebens und beinahe allen Bereichen des Immobiliensektors.[\/vc_column_text][\/vc_column][vc_column width=&#8221;1\/2&#8243; css=&#8221;.vc_custom_1729147423405{background-color: #efefef !important;}&#8221;][vc_icon type=&#8221;entypo&#8221; icon_entypo=&#8221;entypo-icon entypo-icon-sound&#8221; color=&#8221;green&#8221; size=&#8221;xl&#8221;][vc_column_text]<\/p>\n<h3>PrimeTime Marketing<\/h3>\n<p>Starke Werbema\u00dfnahmen f\u00fcr Ihren Erfolg[\/vc_column_text][vc_column_text]Wir lassen Ihren Schatz funkeln. Durch unsere virtuellen 360\u00b0 Besichtigungen k\u00f6nnen wir uns optimal auf die Kaufinteressenten einstellen. Qualit\u00e4tsfotos, verkaufsoptimierte Grundrisse und ein hochwertiges Immobilienexpos\u00e9 geh\u00f6ren ebenso zu unseren Leistungen wie innovative Feldwerbung, regionale Tages- und Wochenanzeigen, unser hauseigenes Immobilienmagazin, Flyer und zu guter Letzt die Pr\u00e4sentation der Immobilie auf verschiedenen Onlineportalen. Dabei fokussieren wir uns auf die ausgearbeitete Zielgruppe und die richtige Menge an Informationen.[\/vc_column_text][\/vc_column][\/vc_row][vc_row full_width=&#8221;stretch_row&#8221; css=&#8221;.vc_custom_1729148052297{margin-top: 35px !important;margin-bottom: 35px !important;background-color: #82b02a !important;}&#8221;][vc_column][vc_column_text]<\/p>\n<h1><span style=\"color: #ffffff;\">3,2,1 &#8211; noch immer Deins?<\/span><\/h1>\n<h2><span style=\"color: #ffffff;\">Verkaufen kann so einfach sein<\/span><\/h2>\n<p>[\/vc_column_text][vc_video link=&#8221;https:\/\/youtu.be\/X0VNKgfjbuk&#8221; align=&#8221;center&#8221;][vc_cta h2=&#8221;REFERENZEN&#8221; h4=&#8221;Erfolgreich vermittelt in der Region&#8221; txt_align=&#8221;center&#8221; add_button=&#8221;bottom&#8221; btn_title=&#8221;Aktuell verkaufte Objekte&#8221; btn_color=&#8221;warning&#8221; btn_size=&#8221;lg&#8221; btn_align=&#8221;center&#8221; btn_link=&#8221;url:https%3A%2F%2Fsonnberger.co.at%2Fwp%2Ferfolgreich-verkauft%2F|||&#8221;]<\/p>\n<div class=\"wpb_text_column wpb_content_element \">\n<div class=\"wpb_wrapper\">\n<p style=\"text-align: center;\">Einen erfolgreichen Immobilienverkauf erreicht man durch spezifische Fachkenntnis, regionale Aktivit\u00e4ten, zielsichere Verkaufs- und Marketingaktivit\u00e4ten und Qualit\u00e4tsarbeit aus erster Hand. Denn wir wissen, was wir tun. Ohne Rumprobieren und halbherzigen Versuchen.&nbsp;<strong>Garantiert!<\/strong><\/p>\n<\/div>\n<\/div>\n<div class=\"wpb_text_column wpb_content_element \">\n<div class=\"wpb_wrapper\">\n<h3 style=\"text-align: center;\">Wir vermitteln Immobilien: Rasch. Sicher. Und zum besten Preis.<br \/>\nIn Ober- und Nieder\u00f6sterreich.<\/h3>\n<\/div>\n<\/div>\n<p>[\/vc_cta][\/vc_column][\/vc_row][vc_row gap=&#8221;35&#8243; equal_height=&#8221;yes&#8221;][vc_column width=&#8221;1\/2&#8243; css=&#8221;.vc_custom_1729147434759{background-color: #efefef !important;}&#8221;][vc_icon icon_fontawesome=&#8221;fa fa-database&#8221; color=&#8221;green&#8221; size=&#8221;xl&#8221;][vc_column_text]<\/p>\n<h3>VIP Kunde werden<\/h3>\n<p>Umfangreiche und aktuelle Datenbank von K\u00e4ufern[\/vc_column_text][vc_column_text]Viele Menschen hinterlegen Ihre individuellen Suchkriterien in unserer Datenbank und so betreuen wir aktuell \u00fcber 2.500 Kaufinteressenten in unserer Region. Denn mit unserem VIP Vormerksystem sind Kauf- &amp; Mietinteressenten eine Nasenl\u00e4nge voraus, wenn es um konkrete Immobilienangebote geht. Noch bevor wir Ihre Immobilie aktiv in den Medien und Online bewerben, erhalten die passenden Interessenten unser Angebot und k\u00f6nnen so bereits entsprechende Vorbereitungen (bspw. Finanzierung) treffen.[\/vc_column_text][\/vc_column][vc_column width=&#8221;1\/2&#8243; css=&#8221;.vc_custom_1729147585596{background-color: #efefef !important;}&#8221;][vc_icon icon_fontawesome=&#8221;fa fa-user-secret&#8221; color=&#8221;green&#8221; size=&#8221;xl&#8221;][vc_column_text]<\/p>\n<h3>Pssst. Diskrete Angebote<\/h3>\n<p>Diskretion und Direktvermittlung.[\/vc_column_text][vc_column_text]In unserer t\u00e4glichen Arbeit ist Diskretion selbstverst\u00e4ndlich. Allerdings bringen wir auch dieses Thema auf ein neues Level. Auf Wunsch bieten wir Immobilienvermittlung ganz ohne \u00f6ffentliche Bewerbung und mittels geschlossenen Bieterverfahren an. Dabei unterst\u00fctzt uns nicht nur unser weitreichendes Netzwerk an Kooperationspartnern und -maklern, sondern auch unsere Datenbank an gepr\u00fcften Kaufinteressenten.[\/vc_column_text][\/vc_column][\/vc_row][vc_row gap=&#8221;35&#8243; equal_height=&#8221;yes&#8221;][vc_column width=&#8221;1\/2&#8243; css=&#8221;.vc_custom_1729147441368{background-color: #efefef !important;}&#8221;][vc_icon type=&#8221;material&#8221; icon_material=&#8221;vc-material vc-material-account_balance&#8221; color=&#8221;green&#8221; size=&#8221;xl&#8221;][vc_column_text]<\/p>\n<h3>Garantierte Leistungen<\/h3>\n<p>Verkaufs- und Leistungsgarantie[\/vc_column_text][vc_column_text]Ihre Immobilie verlangt spezifisches Marketing mit einem gepr\u00fcften Konzept abgestimmt auf die richtige Zielgruppe. Ohne Herumprobieren, sondern mit zielsicherer Strategie. Hochwertige Expos\u00e9-Erstellung, Beratungsgespr\u00e4che am Telefon mit unseren Kaufinteressenten aus der Datenbank, Anzeigenwerbung, Direktwerbung, Aushang, Feldwerbung, Pr\u00e4sentation auf unserer Website und auf den gr\u00f6\u00dften Onlineportalen f\u00fcr Immobilien, Finanzierungsberatung und Bonit\u00e4tspr\u00fcfung, professionelles Besichtigungsservice, telefonisches Nachfassen, Pr\u00fcfung aller relevanter Unterlagen und des Kaufvertrages, \u00dcbergabeservice, uvm. Dazu braucht es Profis &#8211; verhandlungs- und abschlusssicher! Und transparent durch unser Online Maklerbuch.<\/p>\n<p><strong>Sie bekommen die Sicherheit f\u00fcr unseren 100 % professionellen Einsatz. Ohne zus\u00e4tzliche Kosten. Damit verkaufen Sie nicht nur sicher sondern auch sorglos.<\/strong>[\/vc_column_text][\/vc_column][vc_column width=&#8221;1\/2&#8243; css=&#8221;.vc_custom_1729147447155{background-color: #efefef !important;}&#8221;][vc_icon icon_fontawesome=&#8221;fa fa-smile-o&#8221; color=&#8221;green&#8221; size=&#8221;xl&#8221;][vc_column_text]<\/p>\n<h3>Aus- &amp; Weiterbildung<\/h3>\n<p>Motiviert und qualifiziert.[\/vc_column_text][vc_column_text]Wir halten uns f\u00fcr Sie st\u00e4ndig auf dem aktuellen Stand. Ob gesetzliche Neuerungen, rechtliche Vorschriften oder neue Marketing- und Vertriebsideen. Alle unsere Mitarbeiter durchlaufen die staatliche Immobilienausbildung und damit bieten wir qualifiziertes Know-How mit jahrelanger Erfahrung und regionalen Kenntnissen. \u00dcberzeugen Sie sich selbst &#8211; wir freuen uns auf Ihre Anfrage![\/vc_column_text][\/vc_column][\/vc_row][vc_row][vc_column][vc_separator][\/vc_column][\/vc_row][vc_row css=&#8221;.vc_custom_1669713024372{background-color: #ededed !important;}&#8221;][vc_column][vc_empty_space][vc_raw_html]JTNDc2NyaXB0JTIwc3JjJTNEJTIyaHR0cHMlM0ElMkYlMkZpZnJhbWUuaW1tb3dpc3Nlbi5vcmclMkZsb2FkZXIubWluLmpzJTIyJTIwZGF0YS1jb21wYW55JTNEJTIyc29ubmJlcmdlciUyMiUyMGRhdGEtc2x1ZyUzRCUyMnRlbGVmb25pc2NoZS1iZXJhdHVuZyUyMiUyMGRhdGEtdmFyaWFudCUzRCUyMndpemFyZCUyMiUyMGRhdGEtYm90dGltbW8lMjBkZWZlciUzRSUzQyUyRnNjcmlwdCUzRQ==[\/vc_raw_html][vc_empty_space][\/vc_column][\/vc_row]<\/p>\n","protected":false},"excerpt":{"rendered":"<p>[vc_row][vc_column][vc_empty_space height=&#8221;50&#8243;][\/vc_column][\/vc_row][vc_row][vc_column width=&#8221;1\/2&#8243;][vc_column_text] Unsere Leistungen &#8211; Wir f\u00fcr Sie Immobilien im Fokus [\/vc_column_text][vc_column_text] Sie m\u00f6chten Ihre Immobilie verkaufen? Rasch. Sicher. Und zum besten Preis. Wir sind Ihr kompetenter Partner beim Immobilienverkauf und Baulandentwicklung. Regionale Expertise,&nbsp;umfassende Fachkenntnisse und ein weitreichendes Netzwerk sind unsere Schl\u00fcssel f\u00fcr Ihren Erfolg.[\/vc_column_text][\/vc_column][vc_column width=&#8221;1\/2&#8243;][vc_video link=&#8221;https:\/\/youtu.be\/LU0o5r0T668&#8243; align=&#8221;center&#8221;][\/vc_column][\/vc_row][vc_row][vc_column][vc_separator][\/vc_column][\/vc_row][vc_row gap=&#8221;35&#8243; equal_height=&#8221;yes&#8221;][vc_column width=&#8221;1\/2&#8243; css=&#8221;.vc_custom_1729147082461{background-color: #efefef !important;}&#8221;][vc_icon [&hellip;]<\/p>\n","protected":false},"author":1,"featured_media":0,"parent":0,"menu_order":0,"comment_status":"closed","ping_status":"closed","template":"template\/template-page.php","meta":{"om_disable_all_campaigns":false,"_monsterinsights_skip_tracking":false,"_monsterinsights_sitenote_active":false,"_monsterinsights_sitenote_note":"","_monsterinsights_sitenote_category":0,"ngg_post_thumbnail":0,"footnotes":""},"class_list":["post-692","page","type-page","status-publish","hentry"],"aioseo_notices":[],"_links":{"self":[{"href":"https:\/\/sonnberger.co.at\/wp\/wp-json\/wp\/v2\/pages\/692","targetHints":{"allow":["GET"]}}],"collection":[{"href":"https:\/\/sonnberger.co.at\/wp\/wp-json\/wp\/v2\/pages"}],"about":[{"href":"https:\/\/sonnberger.co.at\/wp\/wp-json\/wp\/v2\/types\/page"}],"author":[{"embeddable":true,"href":"https:\/\/sonnberger.co.at\/wp\/wp-json\/wp\/v2\/users\/1"}],"replies":[{"embeddable":true,"href":"https:\/\/sonnberger.co.at\/wp\/wp-json\/wp\/v2\/comments?post=692"}],"version-history":[{"count":11,"href":"https:\/\/sonnberger.co.at\/wp\/wp-json\/wp\/v2\/pages\/692\/revisions"}],"predecessor-version":[{"id":39590,"href":"https:\/\/sonnberger.co.at\/wp\/wp-json\/wp\/v2\/pages\/692\/revisions\/39590"}],"wp:attachment":[{"href":"https:\/\/sonnberger.co.at\/wp\/wp-json\/wp\/v2\/media?parent=692"}],"curies":[{"name":"wp","href":"https:\/\/api.w.org\/{rel}","templated":true}]}}