{"id":17044,"date":"2022-12-21T09:33:59","date_gmt":"2022-12-21T08:33:59","guid":{"rendered":"https:\/\/sonnberger.co.at\/wp\/?page_id=17044"},"modified":"2025-11-25T14:37:33","modified_gmt":"2025-11-25T13:37:33","slug":"mediathek","status":"publish","type":"page","link":"https:\/\/sonnberger.co.at\/wp\/mediathek\/","title":{"rendered":"Videos &#038; TV-Beitr\u00e4ge"},"content":{"rendered":"<p>[vc_row][vc_column][vc_column_text]<\/p>\n<h1>Videos &amp; TV-Beitr\u00e4ge<\/h1>\n<p>[\/vc_column_text][\/vc_column][\/vc_row][vc_row full_width=&#8221;stretch_row&#8221; disable_element=&#8221;yes&#8221; css=&#8221;.vc_custom_1764077795117{background-color: #ffffff !important;}&#8221;][vc_column][vc_video link=&#8221;https:\/\/youtu.be\/LiT-ks9lO1c&#8221;][vc_column_text]<strong>Spot TV1 &#8211; Fr\u00fchjahr 2025: Alternative Wohnformen<br \/>\n<\/strong>Vom Wunsch zur Realit\u00e4t<strong><br \/>\n<\/strong>[\/vc_column_text][\/vc_column][\/vc_row][vc_row full_width=&#8221;stretch_row&#8221; css=&#8221;.vc_custom_1759227949117{border-top-width: 1px !important;border-bottom-width: 1px !important;background-color: #ffffff !important;border-top-color: #333333 !important;border-bottom-color: #333333 !important;}&#8221;][vc_column][vc_row_inner][vc_column_inner width=&#8221;1\/2&#8243;][vc_video link=&#8221;https:\/\/youtu.be\/mAAfmQVV_-o&#8221;][vc_column_text]<strong>Immobilientrends 2025<br \/>\n<\/strong>Worauf kommt es bei den Bestandsimmobilien an? Und kann der Neubausektor aufholen? Die Trends 2025\/26<strong><br \/>\n<\/strong>[\/vc_column_text][\/vc_column_inner][vc_column_inner width=&#8221;1\/2&#8243; css=&#8221;.vc_custom_1759229806654{padding-top: 50px !important;}&#8221;][vc_icon icon_fontawesome=&#8221;far fa-thumbs-up&#8221; color=&#8221;custom&#8221; size=&#8221;xl&#8221; align=&#8221;center&#8221; custom_color=&#8221;#333333&#8243;][vc_column_text]<\/p>\n<h2 style=\"text-align: center;\">ORF O\u00d6 &#8211; Service Tipps<\/h2>\n<p style=\"text-align: center;\">Herbst 2025<\/p>\n<p>[\/vc_column_text][\/vc_column_inner][\/vc_row_inner][vc_row_inner][vc_column_inner width=&#8221;1\/2&#8243;][vc_video link=&#8221;https:\/\/youtu.be\/XrZcXdNsab0&#8243; align=&#8221;center&#8221;][vc_column_text]<strong>Verkaufsprozess<br \/>\n<\/strong>Wie l\u00e4uft der Verkauf einer Immobilie ab und worauf ist zu achten?[\/vc_column_text][\/vc_column_inner][vc_column_inner width=&#8221;1\/2&#8243;][vc_video link=&#8221;https:\/\/youtu.be\/zxRrq0SlwKI&#8221; align=&#8221;right&#8221;][vc_column_text]<strong>Stadt vs Land<br \/>\n<\/strong>Kultur und Infrastruktur oder Platz und Ruhe? Geht auch beides?[\/vc_column_text][\/vc_column_inner][\/vc_row_inner][\/vc_column][\/vc_row][vc_row full_width=&#8221;stretch_row&#8221; css=&#8221;.vc_custom_1701090666047{border-top-width: 1px !important;border-bottom-width: 1px !important;background-color: #f2f2f2 !important;border-top-color: #333333 !important;border-bottom-color: #333333 !important;}&#8221;][vc_column][vc_row_inner][vc_column_inner width=&#8221;1\/2&#8243; css=&#8221;.vc_custom_1671697122397{padding-top: 50px !important;}&#8221;][vc_icon icon_fontawesome=&#8221;far fa-thumbs-up&#8221; color=&#8221;custom&#8221; size=&#8221;xl&#8221; align=&#8221;center&#8221; custom_color=&#8221;#333333&#8243;][vc_column_text]<\/p>\n<h2 style=\"text-align: center;\">ORF O\u00d6 &#8211; Service Tipps<\/h2>\n<p style=\"text-align: center;\">Herbst 2024<\/p>\n<p>[\/vc_column_text][\/vc_column_inner][vc_column_inner width=&#8221;1\/2&#8243;][vc_video link=&#8221;https:\/\/youtu.be\/Nca6Ehxfczk&#8221;][vc_column_text]<strong>Immobilienverkauf<br \/>\n<\/strong>Von der Bewertung bis zum erfolgreichen Verkauf<strong><br \/>\n<\/strong>[\/vc_column_text][\/vc_column_inner][\/vc_row_inner][vc_row_inner][vc_column_inner width=&#8221;1\/2&#8243;][vc_video link=&#8221;https:\/\/youtu.be\/Ai5ycG37cNE&#8221; align=&#8221;center&#8221;][vc_column_text]<strong>Immobilientrends<br \/>\n<\/strong>Bestand oder Neubau? Die aktuellen Trends der Branche[\/vc_column_text][\/vc_column_inner][vc_column_inner width=&#8221;1\/2&#8243;][vc_video link=&#8221;https:\/\/youtu.be\/X9jg2IGryGs&#8221; align=&#8221;right&#8221;][vc_column_text]<strong>Tiny Houses<br \/>\n<\/strong>Alternative Wohnformen \u2013 g\u00fcnstig und barrierefrei[\/vc_column_text][\/vc_column_inner][\/vc_row_inner][\/vc_column][\/vc_row][vc_row full_width=&#8221;stretch_row&#8221; css=&#8221;.vc_custom_1759227949117{border-top-width: 1px !important;border-bottom-width: 1px !important;background-color: #ffffff !important;border-top-color: #333333 !important;border-bottom-color: #333333 !important;}&#8221;][vc_column][vc_row_inner][vc_column_inner width=&#8221;1\/2&#8243;][vc_video link=&#8221;https:\/\/youtu.be\/6soRuhoo7Fk&#8221;][vc_column_text]<strong>Baurecht<br \/>\n<\/strong>G\u00fcnstiges Bauen mit dem Baurechtszins &#8211; einfach erkl\u00e4rt<strong><br \/>\n<\/strong>[\/vc_column_text][\/vc_column_inner][vc_column_inner width=&#8221;1\/2&#8243; css=&#8221;.vc_custom_1759229806654{padding-top: 50px !important;}&#8221;][vc_icon icon_fontawesome=&#8221;far fa-thumbs-up&#8221; color=&#8221;custom&#8221; size=&#8221;xl&#8221; align=&#8221;center&#8221; custom_color=&#8221;#333333&#8243;][vc_column_text]<\/p>\n<h2 style=\"text-align: center;\">ORF O\u00d6 &#8211; Service Tipps<\/h2>\n<p style=\"text-align: center;\">Fr\u00fchjahr 2024<\/p>\n<p>[\/vc_column_text][\/vc_column_inner][\/vc_row_inner][vc_row_inner][vc_column_inner width=&#8221;1\/2&#8243;][vc_video link=&#8221;https:\/\/youtu.be\/BX-IrqYbUnU&#8221; align=&#8221;center&#8221;][vc_column_text]<strong>Wertermittlung<br \/>\n<\/strong>Die wichtigsten Faktoren schnell erkl\u00e4rt[\/vc_column_text][\/vc_column_inner][vc_column_inner width=&#8221;1\/2&#8243;][vc_video link=&#8221;https:\/\/youtu.be\/hHkJITs5Mzw&#8221; align=&#8221;right&#8221;][vc_column_text]<strong>Barrierefreies Wohnen<br \/>\n<\/strong>Ein langlebiger Trend[\/vc_column_text][\/vc_column_inner][\/vc_row_inner][\/vc_column][\/vc_row][vc_row full_width=&#8221;stretch_row&#8221; css=&#8221;.vc_custom_1701090666047{border-top-width: 1px !important;border-bottom-width: 1px !important;background-color: #f2f2f2 !important;border-top-color: #333333 !important;border-bottom-color: #333333 !important;}&#8221;][vc_column][vc_row_inner][vc_column_inner width=&#8221;1\/2&#8243; css=&#8221;.vc_custom_1671697122397{padding-top: 50px !important;}&#8221;][vc_icon icon_fontawesome=&#8221;far fa-thumbs-up&#8221; color=&#8221;custom&#8221; size=&#8221;xl&#8221; align=&#8221;center&#8221; custom_color=&#8221;#333333&#8243;][vc_column_text]<\/p>\n<h2 style=\"text-align: center;\">ORF O\u00d6 &#8211; Service Tipps<\/h2>\n<p style=\"text-align: center;\">Herbst 2023<\/p>\n<p>[\/vc_column_text][\/vc_column_inner][vc_column_inner width=&#8221;1\/2&#8243;][vc_video link=&#8221;https:\/\/youtu.be\/hRp9jSSv1gM&#8221;][vc_column_text]<strong>Wohn(t)r\u00e4ume inszenieren<br \/>\n<\/strong>Erfolgreiche Immobilienpr\u00e4sentation mit Home Staging.&nbsp;<strong><br \/>\n<\/strong>[\/vc_column_text][\/vc_column_inner][\/vc_row_inner][vc_row_inner][vc_column_inner width=&#8221;1\/2&#8243;][vc_video link=&#8221;https:\/\/youtu.be\/k5ppWbm6FNE&#8221; align=&#8221;center&#8221;][vc_column_text]<strong>Immobilien als Kapitalanlage<br \/>\n<\/strong>Chancen und Risiken &#8211; was muss man beachten?[\/vc_column_text][\/vc_column_inner][vc_column_inner width=&#8221;1\/2&#8243;][vc_video link=&#8221;https:\/\/youtu.be\/FMx5FqpLVXo&#8221; align=&#8221;right&#8221;][vc_column_text]<strong>Bestandsimmobilien im Trend<br \/>\n<\/strong>Wandel am Immobilienmarkt.[\/vc_column_text][\/vc_column_inner][\/vc_row_inner][\/vc_column][\/vc_row][vc_row full_width=&#8221;stretch_row&#8221; css=&#8221;.vc_custom_1688365782837{background-color: #ffffff !important;}&#8221;][vc_column css=&#8221;.vc_custom_1759230099520{padding-top: 100px !important;}&#8221;][vc_icon icon_fontawesome=&#8221;far fa-play-circle&#8221; color=&#8221;custom&#8221; size=&#8221;xl&#8221; align=&#8221;center&#8221; custom_color=&#8221;#333333&#8243;][vc_column_text]<\/p>\n<h2 style=\"text-align: center;\">TV1 &#8211; Beitr\u00e4ge<\/h2>\n<p style=\"text-align: center;\">Archiv<\/p>\n<p>[\/vc_column_text][\/vc_column][\/vc_row][vc_row full_width=&#8221;stretch_row&#8221; css=&#8221;.vc_custom_1764077658926{background-color: #ffffff !important;}&#8221;][vc_column width=&#8221;1\/2&#8243; css=&#8221;.vc_custom_1764077640325{padding-top: 0px !important;}&#8221;][vc_video link=&#8221;https:\/\/youtu.be\/LiT-ks9lO1c&#8221;][vc_column_text]<\/p>\n<h3><strong>Alternative Wohnformen<\/strong><\/h3>\n<p>03\/2025 &#8211; Vom Wunsch zur Realit\u00e4t[\/vc_column_text][\/vc_column][vc_column width=&#8221;1\/2&#8243; css=&#8221;.vc_custom_1764077631222{padding-top: 0px !important;}&#8221;][vc_video link=&#8221;https:\/\/youtu.be\/JUWeY06vYDQ&#8221;][vc_column_text]<\/p>\n<h3><strong>Wohnbau und Wohntraum in O\u00d6<\/strong><\/h3>\n<p>8\/2024 &#8211; Ihren Wohntraum erschaffen und nachhaltig investieren &#8211; wo am Besten?[\/vc_column_text][\/vc_column][\/vc_row][vc_row full_width=&#8221;stretch_row&#8221;][vc_column width=&#8221;1\/3&#8243;][vc_video link=&#8221;https:\/\/youtu.be\/D92W0Bn3PZY&#8221;][vc_column_text]<\/p>\n<h3><strong>Jubil\u00e4umsfeier 10 Jahre&nbsp;<\/strong><\/h3>\n<p>10\/2023 &#8211; Full-House am Metzenhof. Sonnberger.Immobilien feiert gemeinsam mit seinen G\u00e4sten, Georg Ortner und Kabarettist G\u00fcnther Lainer.[\/vc_column_text][\/vc_column][vc_column width=&#8221;1\/3&#8243;][vc_video link=&#8221;https:\/\/youtu.be\/myFJeHGtN4Y&#8221; align=&#8221;center&#8221;][vc_column_text]<\/p>\n<h3><strong>Kaufen oder Verkaufen?<\/strong><\/h3>\n<p>10\/2023 &#8211; Roman Sonnberger im TV1 Talk zur aktuellen Lage am Immobilienmarkt.[\/vc_column_text][\/vc_column][vc_column width=&#8221;1\/3&#8243;][vc_video link=&#8221;https:\/\/youtu.be\/ecoA3htMEf4&#8243; align=&#8221;right&#8221;][vc_column_text]<\/p>\n<h3><strong>Infoabend &#8220;Mein Wille geschehe&#8221;<\/strong><\/h3>\n<p>05\/2023 &#8211; Informativer Abend mit Notar Dr. Alber und Immobilienexperte Georg Ortner zu den Themen: Wohnrecht &amp; Leibrente und Immobilien richtig vererben und verschenken.[\/vc_column_text][\/vc_column][\/vc_row][vc_row full_width=&#8221;stretch_row&#8221;][vc_column width=&#8221;1\/3&#8243;][vc_video link=&#8221;https:\/\/youtu.be\/OF_BW659cJ0&#8243;][vc_column_text]<\/p>\n<h3><strong>Premiere: Wohnmarktbericht&nbsp;<\/strong><\/h3>\n<p>10\/2023 &#8211; Der neue Wohnmarktbericht von Sonnberger.Immobilien informiert \u00fcber aktuelle Wohnpreise zu allen 22 Gemeinden in Linz-Land.[\/vc_column_text][\/vc_column][vc_column width=&#8221;1\/3&#8243;][vc_video link=&#8221;https:\/\/youtu.be\/dGZvQi6KsoE&#8221; align=&#8221;center&#8221;][vc_column_text]<\/p>\n<h3><strong>LiZ &#8211; Leben im Zentrum<\/strong><\/h3>\n<p>06\/2023 &#8211; Modernes Wohnprojekt erm\u00f6glicht energieautarkes Leben in St. Valentin.[\/vc_column_text][\/vc_column][vc_column width=&#8221;1\/3&#8243;][vc_video link=&#8221;https:\/\/youtu.be\/L-4Gx8UZ984&#8243;][vc_column_text]<strong>Spot TV1 &#8211; Herbst 2022: Immobilie im Alter<br \/>\n<\/strong>Welche Optionen stehen Ihnen zur Verf\u00fcgung?<strong><br \/>\n<\/strong>[\/vc_column_text][\/vc_column][\/vc_row][vc_row full_width=&#8221;stretch_row&#8221; css=&#8221;.vc_custom_1701089396855{background-color: #f2f2f2 !important;}&#8221;][vc_column][vc_row_inner][vc_column_inner width=&#8221;1\/2&#8243; css=&#8221;.vc_custom_1671697122397{padding-top: 50px !important;}&#8221;][vc_icon icon_fontawesome=&#8221;far fa-thumbs-up&#8221; color=&#8221;custom&#8221; size=&#8221;xl&#8221; align=&#8221;center&#8221; custom_color=&#8221;#333333&#8243;][vc_column_text]<\/p>\n<h2 style=\"text-align: center;\">ORF O\u00d6 &#8211; Service Tipps<\/h2>\n<p style=\"text-align: center;\">Fr\u00fchjahr 2023<\/p>\n<p>[\/vc_column_text][\/vc_column_inner][vc_column_inner width=&#8221;1\/2&#8243;][vc_video link=&#8221;https:\/\/youtu.be\/TrmxCVtz__g&#8221;][vc_column_text]<strong>Aktuelle Entwicklungen<br \/>\n<\/strong>Wie wirkt sich die wirtschaftliche Lage auf den Immobilienmarkt aus?[\/vc_column_text][\/vc_column_inner][\/vc_row_inner][vc_row_inner][vc_column_inner width=&#8221;1\/2&#8243;][vc_video link=&#8221;https:\/\/youtu.be\/2KSASJMgaXI&#8221; align=&#8221;right&#8221;][vc_column_text]<strong>Immobiliensuche<br \/>\n<\/strong>Die moderne Suche nach der perfekten Immobilie.[\/vc_column_text][\/vc_column_inner][vc_column_inner width=&#8221;1\/2&#8243;][vc_video link=&#8221;https:\/\/youtu.be\/Lwi5eLmlrQA&#8221; align=&#8221;center&#8221;][vc_column_text]<strong>Miete oder Kauf?<br \/>\n<\/strong>Die richtige Entscheidung treffen.[\/vc_column_text][\/vc_column_inner][\/vc_row_inner][\/vc_column][\/vc_row][vc_row full_width=&#8221;stretch_row&#8221; css=&#8221;.vc_custom_1671709007412{background-color: #f2f2f2 !important;}&#8221;][vc_column][vc_row_inner][vc_column_inner width=&#8221;1\/2&#8243; css=&#8221;.vc_custom_1671697122397{padding-top: 50px !important;}&#8221;][vc_icon icon_fontawesome=&#8221;far fa-thumbs-up&#8221; color=&#8221;custom&#8221; size=&#8221;xl&#8221; align=&#8221;center&#8221; custom_color=&#8221;#333333&#8243;][vc_column_text]<\/p>\n<h2 style=\"text-align: center;\">ORF O\u00d6 &#8211; Service Tipps<\/h2>\n<p style=\"text-align: center;\">Herbst 2021<\/p>\n<p>[\/vc_column_text][\/vc_column_inner][vc_column_inner width=&#8221;1\/2&#8243;][vc_video link=&#8221;https:\/\/youtu.be\/DvqQgiRKoqg&#8221;][vc_column_text]<strong>Richtige Immobilienbewertung<br \/>\n<\/strong>Eine pr\u00e4zise Bewertung und Marktwerteinsch\u00e4tzung bestimmen das Verkaufspotenzial Ihrer Immobilie.[\/vc_column_text][\/vc_column_inner][\/vc_row_inner][vc_row_inner][vc_column_inner width=&#8221;1\/2&#8243;][vc_video link=&#8221;https:\/\/youtu.be\/-snl-2KyoDo&#8221; align=&#8221;right&#8221;][vc_column_text]<strong>Immobilie im Alter<br \/>\n<\/strong>Sehen Sie dem Ruhestand entspannt entgegen? Altersgerechtes Wohnen &#8211; alles eine Frage der guten Planung.[\/vc_column_text][\/vc_column_inner][vc_column_inner width=&#8221;1\/2&#8243;][vc_video link=&#8221;https:\/\/youtu.be\/CYdvflZRdeM&#8221; align=&#8221;center&#8221;][vc_column_text]<strong>Virtuelle Besichtigung<br \/>\n<\/strong>360\u00b0 professionelle Immobilienpr\u00e4sentation. Modernes Immobilienmarketing f\u00fcr die perfekte Inszenierung.[\/vc_column_text][\/vc_column_inner][\/vc_row_inner][\/vc_column][\/vc_row][vc_row full_width=&#8221;stretch_row&#8221; css=&#8221;.vc_custom_1671708985419{border-top-width: 1px !important;border-bottom-width: 1px !important;border-top-color: #333333 !important;border-bottom-color: #333333 !important;}&#8221;][vc_column][vc_row_inner][vc_column_inner width=&#8221;1\/2&#8243; css=&#8221;.vc_custom_1671697122397{padding-top: 50px !important;}&#8221;][vc_icon icon_fontawesome=&#8221;far fa-thumbs-up&#8221; color=&#8221;custom&#8221; size=&#8221;xl&#8221; align=&#8221;center&#8221; custom_color=&#8221;#333333&#8243;][vc_column_text]<\/p>\n<h2 style=\"text-align: center;\">ORF O\u00d6 &#8211; Service Tipps<\/h2>\n<p style=\"text-align: center;\">Fr\u00fchjahr 2021<\/p>\n<p>[\/vc_column_text][\/vc_column_inner][vc_column_inner width=&#8221;1\/2&#8243;][vc_video link=&#8221;https:\/\/youtu.be\/lbkLgzbozMo&#8221;][vc_column_text]<strong>Leibrente Eigenheim<br \/>\n<\/strong>Mehr finanzielle Freiheiten mit einer Immobilienverrentung?<strong><br \/>\n<\/strong>[\/vc_column_text][\/vc_column_inner][\/vc_row_inner][vc_row_inner][vc_column_inner width=&#8221;1\/2&#8243;][vc_video link=&#8221;https:\/\/youtu.be\/DOicSmbfcIc&#8221; align=&#8221;center&#8221;][vc_column_text]<strong>Kauf einer Eigentumswohnung<br \/>\n<\/strong>Abenteuer Wohnungskauf &#8211; was gilt es zu beachten?[\/vc_column_text][\/vc_column_inner][vc_column_inner width=&#8221;1\/2&#8243;][vc_video link=&#8221;https:\/\/youtu.be\/PoApDZX-M2c&#8221; align=&#8221;right&#8221;][vc_column_text]<strong>Immobilientrend<br \/>\n<\/strong>Stadt oder Landgegend? Aktuelle Entwicklungen und Tendenzen am Wohnmarkt.[\/vc_column_text][\/vc_column_inner][\/vc_row_inner][\/vc_column][\/vc_row][vc_row][vc_column][vc_separator][\/vc_column][\/vc_row][vc_row][vc_column][vc_column_text]<\/p>\n<h2>Erkl\u00e4rvideos<\/h2>\n<p>[\/vc_column_text][\/vc_column][\/vc_row][vc_row][vc_column width=&#8221;1\/3&#8243;][vc_video link=&#8221;https:\/\/youtu.be\/LU0o5r0T668&#8243;][vc_column_text]<\/p>\n<h3><strong>Verkaufen zum H\u00f6chstpreis<\/strong><\/h3>\n<p>Sie wollen Ihre Immobilie verkaufen? Rasch. Sicher. Und zum besten Preis?[\/vc_column_text][\/vc_column][vc_column width=&#8221;1\/3&#8243;][vc_video link=&#8221;https:\/\/youtu.be\/X0VNKgfjbuk&#8221; align=&#8221;center&#8221;][vc_column_text]<\/p>\n<h3><strong>Privatverkauf oder Verkauf mit Makler?<\/strong><\/h3>\n<p>Welche Vorteile haben Sie beim Immobilienverkauf mit dem richtigen Makler?[\/vc_column_text][\/vc_column][vc_column width=&#8221;1\/3&#8243;][vc_video link=&#8221;https:\/\/youtu.be\/bYR10uKHyzg&#8221; align=&#8221;right&#8221;][vc_column_text]<\/p>\n<h3><strong>Maklervertrag &amp; Widerrufsrecht<\/strong><\/h3>\n<p>Was m\u00fcssen K\u00e4ufer, Verk\u00e4ufer und Makler beachten?[\/vc_column_text][\/vc_column][\/vc_row][vc_column][vc_text_separator title=&#8221;Kontaktieren Sie uns! Wir nehmen uns gerne f\u00fcr Sie Zeit!&#8221;][\/vc_column]<\/p>\n","protected":false},"excerpt":{"rendered":"<p>[vc_row][vc_column][vc_column_text] Videos &amp; TV-Beitr\u00e4ge [\/vc_column_text][\/vc_column][\/vc_row][vc_row full_width=&#8221;stretch_row&#8221; disable_element=&#8221;yes&#8221; css=&#8221;.vc_custom_1764077795117{background-color: #ffffff !important;}&#8221;][vc_column][vc_video link=&#8221;https:\/\/youtu.be\/LiT-ks9lO1c&#8221;][vc_column_text]Spot TV1 &#8211; Fr\u00fchjahr 2025: Alternative Wohnformen Vom Wunsch zur Realit\u00e4t [\/vc_column_text][\/vc_column][\/vc_row][vc_row full_width=&#8221;stretch_row&#8221; css=&#8221;.vc_custom_1759227949117{border-top-width: 1px !important;border-bottom-width: 1px !important;background-color: #ffffff !important;border-top-color: #333333 !important;border-bottom-color: #333333 !important;}&#8221;][vc_column][vc_row_inner][vc_column_inner width=&#8221;1\/2&#8243;][vc_video link=&#8221;https:\/\/youtu.be\/mAAfmQVV_-o&#8221;][vc_column_text]Immobilientrends 2025 Worauf kommt es bei den Bestandsimmobilien an? Und kann der Neubausektor aufholen? Die Trends 2025\/26 [\/vc_column_text][\/vc_column_inner][vc_column_inner width=&#8221;1\/2&#8243; css=&#8221;.vc_custom_1759229806654{padding-top: [&hellip;]<\/p>\n","protected":false},"author":8,"featured_media":0,"parent":0,"menu_order":0,"comment_status":"closed","ping_status":"closed","template":"template\/template-page.php","meta":{"om_disable_all_campaigns":false,"_monsterinsights_skip_tracking":false,"_monsterinsights_sitenote_active":false,"_monsterinsights_sitenote_note":"","_monsterinsights_sitenote_category":0,"ngg_post_thumbnail":0,"footnotes":""},"class_list":["post-17044","page","type-page","status-publish","hentry"],"aioseo_notices":[],"_links":{"self":[{"href":"https:\/\/sonnberger.co.at\/wp\/wp-json\/wp\/v2\/pages\/17044","targetHints":{"allow":["GET"]}}],"collection":[{"href":"https:\/\/sonnberger.co.at\/wp\/wp-json\/wp\/v2\/pages"}],"about":[{"href":"https:\/\/sonnberger.co.at\/wp\/wp-json\/wp\/v2\/types\/page"}],"author":[{"embeddable":true,"href":"https:\/\/sonnberger.co.at\/wp\/wp-json\/wp\/v2\/users\/8"}],"replies":[{"embeddable":true,"href":"https:\/\/sonnberger.co.at\/wp\/wp-json\/wp\/v2\/comments?post=17044"}],"version-history":[{"count":10,"href":"https:\/\/sonnberger.co.at\/wp\/wp-json\/wp\/v2\/pages\/17044\/revisions"}],"predecessor-version":[{"id":40294,"href":"https:\/\/sonnberger.co.at\/wp\/wp-json\/wp\/v2\/pages\/17044\/revisions\/40294"}],"wp:attachment":[{"href":"https:\/\/sonnberger.co.at\/wp\/wp-json\/wp\/v2\/media?parent=17044"}],"curies":[{"name":"wp","href":"https:\/\/api.w.org\/{rel}","templated":true}]}}